{"id":11,"date":"2017-12-22T08:32:45","date_gmt":"2017-12-22T06:32:45","guid":{"rendered":"http:\/\/mahiye.com\/?page_id=11"},"modified":"2017-12-22T09:28:35","modified_gmt":"2017-12-22T07:28:35","slug":"bir-ana-sayfa-bolumu","status":"publish","type":"page","link":"https:\/\/mahiye.com\/index.php\/bir-ana-sayfa-bolumu\/","title":{"rendered":"M\u00fczik \u00c7al\u0131\u015fal\u0131m"},"content":{"rendered":"<p>Nezihe \u015eent\u00fcrk arkada\u015f\u0131mla birlikte yay\u0131nlad\u0131\u011f\u0131m\u0131z M\u00fczik \u00c7al\u0131\u015fal\u0131m adl\u0131 kitab\u0131m m\u00fczik testlerini i\u00e7ermektedir. Bu testler \u00e7izimli, boyamal\u0131, tamamlamal\u0131, e\u015fle\u015ftirmeli olup m\u00fcziksel kavramlar\u0131n peki\u015ftirilmesini hedeflemektedir.<br \/>\nBir m\u00fczik dersinde \u015fark\u0131, oyun, \u00e7alma, yaratma, dinleme ve de\u011ferlendirme s\u00fcre\u00e7lerinin ya\u015fand\u0131\u011f\u0131 bilinir. Bu s\u00fcre\u00e7te bir de\u011ferlendirme etkinli\u011fi materyali olarak d\u00fc\u015f\u00fcn\u00fclmesi beklenen kitab\u0131m, soyut m\u00fczik kavramlar\u0131n\u0131n g\u00f6rsel hale getirilmesini sa\u011flay\u0131c\u0131 \u00f6zelli\u011fiyle beklenenden daha fazla de\u011fer ta\u015f\u0131maktad\u0131r.<br \/>\n\u00c7ocukluk \u00c7a\u011f\u0131 M\u00fczik E\u011fitimi\/Yarat\u0131c\u0131 Drama ile Oynayarak Ya\u015fayarak \u00d6\u011fren adl\u0131 kitab\u0131mdaki etkinliklerin devam\u0131 niteli\u011findeki bu testler \u00f6\u011fretmene, her sayfan\u0131n alt\u0131nda yer alan y\u00f6nergeler arac\u0131l\u0131\u011f\u0131yla, bu resimlerle ilgili yapabilece\u011fi bir\u00e7ok etkinlik \u00f6rne\u011fi daha sunmaktad\u0131r. Hi\u00e7 m\u00fczik bilgisi olmayan bir yuva veya s\u0131n\u0131f \u00f6\u011fretmeni bu y\u00f6nergelerle m\u00fczik dersi yapabilir.<br \/>\nOkul\u00f6ncesinde ve ilk\u00f6\u011fretimde \u00fcnitelerle ba\u011flant\u0131l\u0131 olarak haz\u0131rlam\u0131\u015f oldu\u011fumuz etkinlikleri \u00f6\u011fretmen isterse di\u011fer derslerde de kullanabilir.<br \/>\nBol etkinlikli dersler dile\u011fiyle.<\/p>\n<p style=\"text-align: right;\">Mahiye MORG\u00dcL<\/p>\n<p>&nbsp;<\/p>\n<p><img loading=\"lazy\" class=\"alignnone size-medium wp-image-52\" src=\"http:\/\/mahiye.com\/wp-content\/uploads\/2017\/12\/kitap2-1-300x205.jpg\" alt=\"\" width=\"300\" height=\"205\" srcset=\"https:\/\/mahiye.com\/wp-content\/uploads\/2017\/12\/kitap2-1-300x205.jpg 300w, https:\/\/mahiye.com\/wp-content\/uploads\/2017\/12\/kitap2-1.jpg 350w\" sizes=\"(max-width: 300px) 100vw, 300px\" \/><\/p>\n<p><img loading=\"lazy\" class=\"alignnone size-medium wp-image-53\" src=\"http:\/\/mahiye.com\/wp-content\/uploads\/2017\/12\/kitap2-2-300x215.jpg\" alt=\"\" width=\"300\" height=\"215\" srcset=\"https:\/\/mahiye.com\/wp-content\/uploads\/2017\/12\/kitap2-2-300x215.jpg 300w, https:\/\/mahiye.com\/wp-content\/uploads\/2017\/12\/kitap2-2.jpg 350w\" sizes=\"(max-width: 300px) 100vw, 300px\" \/><\/p>\n<p><center><b>Kitaptan \u00d6rnek Test ve Etkinlikler:<\/b><\/center><\/p>\n<p>1. A\u015fa\u011f\u0131daki davullardan hangisi daha kuvvetli ses verir? \u0130lgili davulu boya, \u00fczerine bir \u00e7ift tokmak resmi yap.<\/p>\n<p><img loading=\"lazy\" class=\"alignnone size-medium wp-image-55\" src=\"http:\/\/mahiye.com\/wp-content\/uploads\/2017\/12\/kitap2-3-300x127.jpg\" alt=\"\" width=\"300\" height=\"127\" srcset=\"https:\/\/mahiye.com\/wp-content\/uploads\/2017\/12\/kitap2-3-300x127.jpg 300w, https:\/\/mahiye.com\/wp-content\/uploads\/2017\/12\/kitap2-3.jpg 337w\" sizes=\"(max-width: 300px) 100vw, 300px\" \/><\/p>\n<p>Etkinlik:<br \/>\na- Bir b\u00fcy\u00fck davula bir k\u00fc\u00e7\u00fck davula s\u0131rayla vur. Vururken &#8220;B\u0130R K\u0130 B\u0130R K\u0130 &#8221; diye say.<br \/>\nb- Davullara d\u00fczenli vuru\u015flar yaparken bildi\u011fin bir say\u0131\u015fmay\u0131 s\u00f6yle.<\/p>\n<p>2. G\u00fclen \u00e7ocu\u011fu boya, sa\u00e7\u0131n\u0131 yap. Neden g\u00fcld\u00fc\u011f\u00fcn\u00fc s\u00f6yle. G\u00fclme sesi ver.<\/p>\n<p><img loading=\"lazy\" class=\"alignnone size-medium wp-image-56\" src=\"http:\/\/mahiye.com\/wp-content\/uploads\/2017\/12\/kitap2-4-300x96.jpg\" alt=\"\" width=\"300\" height=\"96\" srcset=\"https:\/\/mahiye.com\/wp-content\/uploads\/2017\/12\/kitap2-4-300x96.jpg 300w, https:\/\/mahiye.com\/wp-content\/uploads\/2017\/12\/kitap2-4-368x119.jpg 368w, https:\/\/mahiye.com\/wp-content\/uploads\/2017\/12\/kitap2-4.jpg 373w\" sizes=\"(max-width: 300px) 100vw, 300px\" \/><\/p>\n<p>Etkinlik:<br \/>\na- A\u011flayan \u00e7ocu\u011fa bir \u00f6yk\u00fc yarat, bu \u00f6yk\u00fcy\u00fc arkada\u015flar\u0131nla oyna, oyun i\u00e7erisinde a\u011flama sesini kullan.<br \/>\nb- G\u00fclen \u00e7ocu\u011fa bir \u00f6yk\u00fc yarat, bu \u00f6yk\u00fcy\u00fc arkada\u015flar\u0131nla oyna.<\/p>\n","protected":false},"excerpt":{"rendered":"<p>Nezihe \u015eent\u00fcrk arkada\u015f\u0131mla birlikte yay\u0131nlad\u0131\u011f\u0131m\u0131z M\u00fczik \u00c7al\u0131\u015fal\u0131m adl\u0131 kitab\u0131m m\u00fczik testlerini i\u00e7ermektedir. Bu testler \u00e7izimli, boyamal\u0131, tamamlamal\u0131, e\u015fle\u015ftirmeli olup m\u00fcziksel kavramlar\u0131n peki\u015ftirilmesini hedeflemektedir. Bir m\u00fczik&#8230;<\/p>\n<div class=\"more-link-wrapper\"><a class=\"more-link\" href=\"https:\/\/mahiye.com\/index.php\/bir-ana-sayfa-bolumu\/\">Devam\u0131n\u0131 Oku<span class=\"screen-reader-text\">M\u00fczik \u00c7al\u0131\u015fal\u0131m<\/span><\/a><\/div>\n","protected":false},"author":1,"featured_media":0,"parent":0,"menu_order":0,"comment_status":"closed","ping_status":"closed","template":"","meta":{"spay_email":""},"_links":{"self":[{"href":"https:\/\/mahiye.com\/index.php\/wp-json\/wp\/v2\/pages\/11"}],"collection":[{"href":"https:\/\/mahiye.com\/index.php\/wp-json\/wp\/v2\/pages"}],"about":[{"href":"https:\/\/mahiye.com\/index.php\/wp-json\/wp\/v2\/types\/page"}],"author":[{"embeddable":true,"href":"https:\/\/mahiye.com\/index.php\/wp-json\/wp\/v2\/users\/1"}],"replies":[{"embeddable":true,"href":"https:\/\/mahiye.com\/index.php\/wp-json\/wp\/v2\/comments?post=11"}],"version-history":[{"count":3,"href":"https:\/\/mahiye.com\/index.php\/wp-json\/wp\/v2\/pages\/11\/revisions"}],"predecessor-version":[{"id":57,"href":"https:\/\/mahiye.com\/index.php\/wp-json\/wp\/v2\/pages\/11\/revisions\/57"}],"wp:attachment":[{"href":"https:\/\/mahiye.com\/index.php\/wp-json\/wp\/v2\/media?parent=11"}],"curies":[{"name":"wp","href":"https:\/\/api.w.org\/{rel}","templated":true}]}}