{"id":242,"date":"2017-12-24T11:01:05","date_gmt":"2017-12-24T09:01:05","guid":{"rendered":"http:\/\/mahiye.com\/?page_id=242"},"modified":"2018-01-02T16:03:34","modified_gmt":"2018-01-02T14:03:34","slug":"egitim-ile-ilgili-videolarim","status":"publish","type":"page","link":"https:\/\/mahiye.com\/index.php\/egitim-ile-ilgili-videolarim\/","title":{"rendered":"E\u011fitim \u0130le \u0130lgili Videolar"},"content":{"rendered":"<h3><\/h3>\n<h4><span style=\"color: #ff0000;\">2 Mart 2012 Halk TV<\/span><\/h4>\n<p><iframe width=\"500\" height=\"375\" src=\"https:\/\/www.youtube.com\/embed\/BOOvnJ8RRqQ?feature=oembed\" frameborder=\"0\" gesture=\"media\" allow=\"encrypted-media\" allowfullscreen><\/iframe><\/p>\n<hr \/>\n<h4><span style=\"color: #ff0000;\">26 Aral\u0131k 2012 Halk TV<\/span><\/h4>\n<p><iframe width=\"500\" height=\"375\" src=\"https:\/\/www.youtube.com\/embed\/3XYNmlkMEgA?feature=oembed\" frameborder=\"0\" gesture=\"media\" allow=\"encrypted-media\" allowfullscreen><\/iframe><\/p>\n<hr \/>\n<h4><span style=\"color: #ff0000;\">26 A\u011fustos 2012 \u00c7etin \u00dcNSALAN ile Ekopolitik<\/span><\/h4>\n<p><iframe width=\"500\" height=\"375\" src=\"https:\/\/www.youtube.com\/embed\/DPC0fu9VUKI?feature=oembed\" frameborder=\"0\" gesture=\"media\" allow=\"encrypted-media\" allowfullscreen><\/iframe><\/p>\n<hr \/>\n<h4><span style=\"color: #ff0000;\">2012 Sky TV \u0130zmir<\/span><\/h4>\n<p><iframe width=\"500\" height=\"375\" src=\"https:\/\/www.youtube.com\/embed\/fP84zB7g12Q?feature=oembed\" frameborder=\"0\" gesture=\"media\" allow=\"encrypted-media\" allowfullscreen><\/iframe><\/p>\n<hr \/>\n<h4><span style=\"color: #ff0000;\">1 Ekim 2012 Ulusal Kanal<\/span><\/h4>\n<p><iframe width=\"500\" height=\"375\" src=\"https:\/\/www.youtube.com\/embed\/qpD2HhEK-cA?feature=oembed\" frameborder=\"0\" gesture=\"media\" allow=\"encrypted-media\" allowfullscreen><\/iframe><\/p>\n<hr \/>\n<h4><span style=\"color: #ff0000;\">16 Ocak 2014 \u015eiirci \u015eark\u0131lar Ulusal Kanal<\/span><\/h4>\n<p><iframe width=\"500\" height=\"375\" src=\"https:\/\/www.youtube.com\/embed\/upEJf8CY3-0?feature=oembed\" frameborder=\"0\" gesture=\"media\" allow=\"encrypted-media\" allowfullscreen><\/iframe><\/p>\n<hr \/>\n<p><span style=\"color: #ff0000;\">17 Eyl\u00fcl 2014 Halk TV<\/span><\/p>\n<p><iframe width=\"500\" height=\"375\" src=\"https:\/\/www.youtube.com\/embed\/GTzjae4VknY?feature=oembed\" frameborder=\"0\" gesture=\"media\" allow=\"encrypted-media\" allowfullscreen><\/iframe><\/p>\n<hr \/>\n<h4><span style=\"color: #ff0000;\">24 Ekim 2014 Leyla Zeynep S\u00f6ylerken Halk TV<\/span><\/h4>\n<p><iframe width=\"500\" height=\"375\" src=\"https:\/\/www.youtube.com\/embed\/7oUs8_wOBdg?feature=oembed\" frameborder=\"0\" gesture=\"media\" allow=\"encrypted-media\" allowfullscreen><\/iframe><\/p>\n<hr \/>\n<h4><span style=\"color: #ff0000;\">6 \u015eubat 2014 Hz. Muhammed&#8217;in Hayat\u0131, Ders Kitaplar\u0131nda Karikat\u00fcr ve Porno&#8230;<\/span><\/h4>\n<p><iframe width=\"500\" height=\"375\" src=\"https:\/\/www.youtube.com\/embed\/kD5JdCl6REM?feature=oembed\" frameborder=\"0\" gesture=\"media\" allow=\"encrypted-media\" allowfullscreen><\/iframe><\/p>\n<hr \/>\n<h4><span style=\"color: #ff0000;\">6 Ocak 2015 Kikyal\u0131 Zeynep Sultan, Sun TV Mersin<\/span><\/h4>\n<p><iframe width=\"500\" height=\"375\" src=\"https:\/\/www.youtube.com\/embed\/pMpHvsTQLNk?feature=oembed\" frameborder=\"0\" gesture=\"media\" allow=\"encrypted-media\" allowfullscreen><\/iframe><\/p>\n<hr \/>\n<h4><span style=\"color: #ff0000;\">27 Nisan 2015 \u015eirazdan Tulum Ald\u0131m, Oy Nani Ko\u00e7ari<\/span><\/h4>\n<p><iframe width=\"500\" height=\"281\" src=\"https:\/\/www.youtube.com\/embed\/ynTNiom1Oiw?feature=oembed\" frameborder=\"0\" gesture=\"media\" allow=\"encrypted-media\" allowfullscreen><\/iframe><\/p>\n<hr \/>\n<h4><span style=\"color: #ff0000;\">3 A\u011fustos 2014 Riza \u00c7ay Tv<\/span><\/h4>\n<p><iframe width=\"500\" height=\"375\" src=\"https:\/\/www.youtube.com\/embed\/-0UxRtuZanc?feature=oembed\" frameborder=\"0\" gesture=\"media\" allow=\"encrypted-media\" allowfullscreen><\/iframe><\/p>\n<hr \/>\n<h4><span style=\"color: #ff0000;\">10 May\u0131s 2015 Ulusal Kanal<\/span><\/h4>\n<p><iframe width=\"500\" height=\"375\" src=\"https:\/\/www.youtube.com\/embed\/o6gOakWAOjc?feature=oembed\" frameborder=\"0\" gesture=\"media\" allow=\"encrypted-media\" allowfullscreen><\/iframe><\/p>\n<hr \/>\n<h4><span style=\"color: #ff0000;\">5 A\u011fustos 2016 Ders Kitaplar\u0131nda Milli ve Manevi De\u011ferlerimiz<\/span><\/h4>\n<p><iframe width=\"500\" height=\"281\" src=\"https:\/\/www.youtube.com\/embed\/mS406aFw_YQ?feature=oembed\" frameborder=\"0\" gesture=\"media\" allow=\"encrypted-media\" allowfullscreen><\/iframe><\/p>\n<hr \/>\n<h4><span style=\"color: #ff0000;\">23 Nisan 2016 Mayana K\u00fclt\u00fcrevi A\u00e7\u0131l\u0131\u015f\u0131m\u0131z Rize<\/span><\/h4>\n<p><iframe width=\"500\" height=\"281\" src=\"https:\/\/www.youtube.com\/embed\/OVJM-m7KIcs?feature=oembed\" frameborder=\"0\" gesture=\"media\" allow=\"encrypted-media\" allowfullscreen><\/iframe><\/p>\n<hr \/>\n<h4><span style=\"color: #ff0000;\">18 Ocak 2017 Beng\u00fc T\u00fcrk TV Leyla Zeynep Sultan<\/span><\/h4>\n<p><iframe width=\"500\" height=\"375\" src=\"https:\/\/www.youtube.com\/embed\/n_-uRpWM5nI?start=515&#038;feature=oembed\" frameborder=\"0\" gesture=\"media\" allow=\"encrypted-media\" allowfullscreen><\/iframe><\/p>\n<hr \/>\n<h4><span style=\"color: #ff0000;\">24 \u015eubat 2017 Beng\u00fc T\u00fcrk TV Sembollerle T\u00fcrk Tarihi<\/span><\/h4>\n<p><iframe width=\"500\" height=\"375\" src=\"https:\/\/www.youtube.com\/embed\/gry2-FriM4Y?start=14&#038;feature=oembed\" frameborder=\"0\" gesture=\"media\" allow=\"encrypted-media\" allowfullscreen><\/iframe><\/p>\n<hr \/>\n<h4><span style=\"color: #ff0000;\">23 Mart 2017 Beng\u00fc T\u00fcrk TV, Yeni M\u00fcfredat S\u00f6m\u00fcrge E\u011fitimi Getiriliyor<\/span><\/h4>\n<p><iframe width=\"500\" height=\"281\" src=\"https:\/\/www.youtube.com\/embed\/y8ffhZYyaP4?start=4069&#038;feature=oembed\" frameborder=\"0\" gesture=\"media\" allow=\"encrypted-media\" allowfullscreen><\/iframe><\/p>\n<hr \/>\n<h4><span style=\"color: #ff0000;\">25 Nisan 2017 \u00c7ay TV&#8217;de \u00c7ayda Sabah, Pazar Lisesinde E\u011fitim Vah\u015feti \u00dczerine<\/span><\/h4>\n<p><iframe width=\"500\" height=\"281\" src=\"https:\/\/www.youtube.com\/embed\/w5Zo3y2h_Zo?start=37&#038;feature=oembed\" frameborder=\"0\" gesture=\"media\" allow=\"encrypted-media\" allowfullscreen><\/iframe><\/p>\n<hr \/>\n<h4><span style=\"color: #ff0000;\">10 May\u0131s 2017 Tarihten Bir Tutam<\/span><\/h4>\n<p><iframe width=\"500\" height=\"281\" src=\"https:\/\/www.youtube.com\/embed\/lrMN-3dAAhk?feature=oembed\" frameborder=\"0\" gesture=\"media\" allow=\"encrypted-media\" allowfullscreen><\/iframe><\/p>\n","protected":false},"excerpt":{"rendered":"<p>2 Mart 2012 Halk TV 26 Aral\u0131k 2012 Halk TV 26 A\u011fustos 2012 \u00c7etin \u00dcNSALAN ile Ekopolitik 2012 Sky TV \u0130zmir 1 Ekim 2012 Ulusal&#8230;<\/p>\n<div class=\"more-link-wrapper\"><a class=\"more-link\" href=\"https:\/\/mahiye.com\/index.php\/egitim-ile-ilgili-videolarim\/\">Devam\u0131n\u0131 Oku<span class=\"screen-reader-text\">E\u011fitim \u0130le \u0130lgili Videolar<\/span><\/a><\/div>\n","protected":false},"author":1,"featured_media":0,"parent":0,"menu_order":0,"comment_status":"closed","ping_status":"closed","template":"","meta":{"spay_email":""},"_links":{"self":[{"href":"https:\/\/mahiye.com\/index.php\/wp-json\/wp\/v2\/pages\/242"}],"collection":[{"href":"https:\/\/mahiye.com\/index.php\/wp-json\/wp\/v2\/pages"}],"about":[{"href":"https:\/\/mahiye.com\/index.php\/wp-json\/wp\/v2\/types\/page"}],"author":[{"embeddable":true,"href":"https:\/\/mahiye.com\/index.php\/wp-json\/wp\/v2\/users\/1"}],"replies":[{"embeddable":true,"href":"https:\/\/mahiye.com\/index.php\/wp-json\/wp\/v2\/comments?post=242"}],"version-history":[{"count":6,"href":"https:\/\/mahiye.com\/index.php\/wp-json\/wp\/v2\/pages\/242\/revisions"}],"predecessor-version":[{"id":342,"href":"https:\/\/mahiye.com\/index.php\/wp-json\/wp\/v2\/pages\/242\/revisions\/342"}],"wp:attachment":[{"href":"https:\/\/mahiye.com\/index.php\/wp-json\/wp\/v2\/media?parent=242"}],"curies":[{"name":"wp","href":"https:\/\/api.w.org\/{rel}","templated":true}]}}