{"id":368,"date":"2018-01-03T10:36:40","date_gmt":"2018-01-03T08:36:40","guid":{"rendered":"http:\/\/mahiye.com\/?page_id=368"},"modified":"2018-01-03T10:36:40","modified_gmt":"2018-01-03T08:36:40","slug":"dava-actigimiz-kitaplar-2012-2017","status":"publish","type":"page","link":"https:\/\/mahiye.com\/index.php\/dava-actigimiz-kitaplar-2012-2017\/","title":{"rendered":"Dava A\u00e7t\u0131\u011f\u0131m\u0131z Kitaplar (2012-2017)"},"content":{"rendered":"","protected":false},"excerpt":{"rendered":"","protected":false},"author":1,"featured_media":0,"parent":0,"menu_order":0,"comment_status":"closed","ping_status":"closed","template":"","meta":{"spay_email":""},"_links":{"self":[{"href":"https:\/\/mahiye.com\/index.php\/wp-json\/wp\/v2\/pages\/368"}],"collection":[{"href":"https:\/\/mahiye.com\/index.php\/wp-json\/wp\/v2\/pages"}],"about":[{"href":"https:\/\/mahiye.com\/index.php\/wp-json\/wp\/v2\/types\/page"}],"author":[{"embeddable":true,"href":"https:\/\/mahiye.com\/index.php\/wp-json\/wp\/v2\/users\/1"}],"replies":[{"embeddable":true,"href":"https:\/\/mahiye.com\/index.php\/wp-json\/wp\/v2\/comments?post=368"}],"version-history":[{"count":1,"href":"https:\/\/mahiye.com\/index.php\/wp-json\/wp\/v2\/pages\/368\/revisions"}],"predecessor-version":[{"id":370,"href":"https:\/\/mahiye.com\/index.php\/wp-json\/wp\/v2\/pages\/368\/revisions\/370"}],"wp:attachment":[{"href":"https:\/\/mahiye.com\/index.php\/wp-json\/wp\/v2\/media?parent=368"}],"curies":[{"name":"wp","href":"https:\/\/api.w.org\/{rel}","templated":true}]}}