{"id":446,"date":"2018-01-03T14:46:17","date_gmt":"2018-01-03T12:46:17","guid":{"rendered":"http:\/\/mahiye.com\/?page_id=446"},"modified":"2018-01-03T14:46:17","modified_gmt":"2018-01-03T12:46:17","slug":"2017-2018-ilkokul-kitaplarinda-gorduklerim","status":"publish","type":"page","link":"https:\/\/mahiye.com\/index.php\/2017-2018-ilkokul-kitaplarinda-gorduklerim\/","title":{"rendered":"2017-2018 \u0130lkokul Kitaplar\u0131nda G\u00f6rd\u00fcklerim"},"content":{"rendered":"","protected":false},"excerpt":{"rendered":"","protected":false},"author":1,"featured_media":0,"parent":0,"menu_order":0,"comment_status":"closed","ping_status":"closed","template":"","meta":{"spay_email":""},"_links":{"self":[{"href":"https:\/\/mahiye.com\/index.php\/wp-json\/wp\/v2\/pages\/446"}],"collection":[{"href":"https:\/\/mahiye.com\/index.php\/wp-json\/wp\/v2\/pages"}],"about":[{"href":"https:\/\/mahiye.com\/index.php\/wp-json\/wp\/v2\/types\/page"}],"author":[{"embeddable":true,"href":"https:\/\/mahiye.com\/index.php\/wp-json\/wp\/v2\/users\/1"}],"replies":[{"embeddable":true,"href":"https:\/\/mahiye.com\/index.php\/wp-json\/wp\/v2\/comments?post=446"}],"version-history":[{"count":1,"href":"https:\/\/mahiye.com\/index.php\/wp-json\/wp\/v2\/pages\/446\/revisions"}],"predecessor-version":[{"id":448,"href":"https:\/\/mahiye.com\/index.php\/wp-json\/wp\/v2\/pages\/446\/revisions\/448"}],"wp:attachment":[{"href":"https:\/\/mahiye.com\/index.php\/wp-json\/wp\/v2\/media?parent=446"}],"curies":[{"name":"wp","href":"https:\/\/api.w.org\/{rel}","templated":true}]}}