{"id":462,"date":"2018-01-03T14:52:54","date_gmt":"2018-01-03T12:52:54","guid":{"rendered":"http:\/\/mahiye.com\/?page_id=462"},"modified":"2018-01-03T14:52:54","modified_gmt":"2018-01-03T12:52:54","slug":"basin-savciligina-yazili-ifadem","status":"publish","type":"page","link":"https:\/\/mahiye.com\/index.php\/basin-savciligina-yazili-ifadem\/","title":{"rendered":"Bas\u0131n Savc\u0131l\u0131\u011f\u0131na Yaz\u0131l\u0131 \u0130fadem"},"content":{"rendered":"","protected":false},"excerpt":{"rendered":"","protected":false},"author":1,"featured_media":0,"parent":0,"menu_order":0,"comment_status":"closed","ping_status":"closed","template":"","meta":{"spay_email":""},"_links":{"self":[{"href":"https:\/\/mahiye.com\/index.php\/wp-json\/wp\/v2\/pages\/462"}],"collection":[{"href":"https:\/\/mahiye.com\/index.php\/wp-json\/wp\/v2\/pages"}],"about":[{"href":"https:\/\/mahiye.com\/index.php\/wp-json\/wp\/v2\/types\/page"}],"author":[{"embeddable":true,"href":"https:\/\/mahiye.com\/index.php\/wp-json\/wp\/v2\/users\/1"}],"replies":[{"embeddable":true,"href":"https:\/\/mahiye.com\/index.php\/wp-json\/wp\/v2\/comments?post=462"}],"version-history":[{"count":1,"href":"https:\/\/mahiye.com\/index.php\/wp-json\/wp\/v2\/pages\/462\/revisions"}],"predecessor-version":[{"id":464,"href":"https:\/\/mahiye.com\/index.php\/wp-json\/wp\/v2\/pages\/462\/revisions\/464"}],"wp:attachment":[{"href":"https:\/\/mahiye.com\/index.php\/wp-json\/wp\/v2\/media?parent=462"}],"curies":[{"name":"wp","href":"https:\/\/api.w.org\/{rel}","templated":true}]}}