{"id":516,"date":"2018-01-04T13:22:54","date_gmt":"2018-01-04T11:22:54","guid":{"rendered":"http:\/\/mahiye.com\/?page_id=516"},"modified":"2018-01-04T13:30:14","modified_gmt":"2018-01-04T11:30:14","slug":"19-mayis-marsi-muammer-sun","status":"publish","type":"page","link":"https:\/\/mahiye.com\/index.php\/19-mayis-marsi-muammer-sun\/","title":{"rendered":"19 May\u0131s Mar\u015f\u0131 Muammer SUN"},"content":{"rendered":"<p>On Dokuz May\u0131s kurtulu\u015f g\u00fcn\u00fc, haydi haydi y\u00fcr\u00fc ileri<br \/>\nVard\u0131 Samsun\u2019a Mustafa Kemal, haydi haydi y\u00fcr\u00fc ileri<\/p>\n<p>Samsun\u2019dan Anadolu\u2019ya bir g\u00fcne\u015f do\u011fdu<br \/>\n\u015eahland\u0131 ayakland\u0131 halk d\u00fc\u015fman\u0131 bo\u011fdu<\/p>\n<p>Ba\u015flad\u0131 b\u00fcy\u00fck sava\u015f sen de kat\u0131l arkada\u015f<br \/>\nDurmas\u0131n bu devrimler, dinmeden g\u00f6zlerden ya\u015f<\/p>\n<p>Samsun\u2019da ba\u015flayan sava\u015f Samsun\u2019da bitmez<br \/>\nToplar da t\u00fcfekler de d\u00fc\u015fmana yetmez<\/p>\n<p>Ba\u015flad\u0131 b\u00fcy\u00fck sava\u015f sen de kat\u0131l arkada\u015f<br \/>\nDurmas\u0131n bu devrimler, dinmeden g\u00f6zlerden ya\u015f<\/p>\n<p>G\u00fcn geldi On Dokuz May\u0131s bir k\u0131van\u00e7 oldu<br \/>\nDevrimler y\u00fcr\u00fcr el ele bir inan\u00e7 oldu<\/p>\n<p>Ba\u015flad\u0131 b\u00fcy\u00fck sava\u015f sen de kat\u0131l arkada\u015f<br \/>\nDurmas\u0131n bu devrimler, dinmeden g\u00f6zlerden ya\u015f<\/p>\n<p>Final: On Dokuz May\u0131s kurtulu\u015f g\u00fcn\u00fc haydi haydi y\u00fcr\u00fc ileri\u2026<\/p>\n<hr \/>\n<p>&nbsp;<\/p>\n<p><u>S\u00f6z ve M\u00fczik:<\/u>\u00a0<strong>Muammer SUN<\/strong><br \/>\n<u>Koro:<\/u>\u00a0<strong>\u00c7orum Evrensel Korosu<\/strong><br \/>\n<u>\u015eef:<\/u>\u00a0<strong>Sadi D\u00f6ner<\/strong><br \/>\n<u>Yer:<\/u>\u00a0<strong>Ankara, 17.\u00c7oksesli Korolar \u015eenli\u011fi, Yenimahalle Naz\u0131m Hikmet K\u00fclt\u00fcr Salonu<\/strong><br \/>\n<u>Tarih:<\/u>\u00a0<strong>3 Haziran 2012<\/strong><\/p>\n<p>Bestelendi\u011fi y\u0131l 1969 olarak hat\u0131r\u0131mdad\u0131r. Muammer Sun, Gazi E\u011fitim Enstit\u00fcs\u00fc M\u00fczik B\u00f6l\u00fcm\u00fcnde \u00f6\u011fretmenimizdi. Hen\u00fcz notas\u0131 kitaplara girmeden \u00f6nce bize \u00f6\u011fretmi\u015fti. Hatta \u00fczerinde hen\u00fcz \u00e7al\u0131\u015f\u0131yordu ki ilk s\u00f6zlerinde \u201cDurmas\u0131n bu devrimler, akmas\u0131n g\u00f6zlerden ya\u015f\u201d sat\u0131r\u0131 vard\u0131.<br \/>\nDe\u011ferli \u00f6\u011fretmenimize bu b\u00fcy\u00fck eserinden dolay\u0131 bin te\u015fekk\u00fcr ediyoruz. Ayn\u0131 y\u0131l TRT\u2019deki g\u00f6revi s\u0131ras\u0131nda TRT \u00c7oksesli korolar\u0131n kurulmas\u0131n\u0131 sa\u011flad\u0131 ve bu sayede s\u0131n\u0131f\u0131m\u0131zdan birka\u00e7 arkada\u015f\u0131m\u0131z orada g\u00f6rev ald\u0131. Onlardan biri olan Mustafa Apayd\u0131n bu y\u0131l 17.korolar \u015fenli\u011fini d\u00fczenlemekte olan Polifonik Korolar Derne\u011finin kurucusu ve ba\u015fkan\u0131d\u0131r. 1969\u2019da Muammer Sun\u2019un \u00f6\u011frencisi olmak ve onun bu eserini ilk s\u00f6yleyen s\u0131n\u0131f olman\u0131n heyecan\u0131yla her birimiz korolar\u0131m\u0131za ve s\u0131n\u0131flar\u0131m\u0131za y\u0131llarca bu eseri \u00f6\u011frettik, 19 May\u0131s bayram t\u00f6renlerinde \u00f6\u011frencilerimizle birlikte s\u00f6yledik.<br \/>\n\u015eimdi y\u0131l 2012 ve Cumhuriyet mar\u015flar\u0131n\u0131n \u00f6\u011fretildi\u011fi M\u00fczik dersini okullardan kald\u0131ran Par\u00e7al\u0131 M\u00fcfredat\u2019a ge\u00e7iriliyoruz. 2004 y\u0131l\u0131nda bu program\u0131n ilk belgesi Ankara\u2019da \u00f6n\u00fcm\u00fcze d\u00fc\u015fm\u00fc\u015ft\u00fc, orada Resim, M\u00fczik ve Beden E\u011fitimi dersleri yok g\u00f6r\u00fcn\u00fcyordu; bu derslerin olmad\u0131\u011f\u0131 bir sistemde bayram t\u00f6renlerinin de yap\u0131lamayaca\u011f\u0131n\u0131n i\u015fareti vard\u0131. Belge, SPAN adl\u0131 ABD e\u011fitim dan\u0131\u015fmanl\u0131k \u015firketinin 12 y\u0131ll\u0131k Temel E\u011fitime Destek proje dosyas\u0131 i\u00e7erisinden d\u00fc\u015fm\u00fc\u015ft\u00fc!<br \/>\nM\u00fczik dersinin kald\u0131r\u0131lmas\u0131, dolayl\u0131 yoldan birlikte \u015fark\u0131 s\u00f6ylemenin yasaklanmas\u0131d\u0131r; \u0130stikl\u00e2l Mar\u015f\u0131\u2019n\u0131n \u00f6\u011fretilmemesidir, milli \u015fark\u0131lar\u0131m\u0131z\u0131n s\u00f6yletilmemesidir. Oysa M\u00fczik dersi, milli birli\u011fin temel dersidir. Mustafa Kemal, onun i\u00e7in M\u00fczik dersini temel derslerden biri olarak g\u00f6rm\u00fc\u015f, 1924\u2019de Musiki Muallim Mektebini kurmu\u015ftur! An\u0131s\u0131 \u00f6nderimiz olsun.<br \/>\n\u00c7orum Evrensel Korosunu kuran ve \u00e7al\u0131\u015ft\u0131ran m\u00fczik \u00f6\u011fretmeni arkada\u015f\u0131m\u0131z Sadi D\u00f6ner ve e\u015fi Yeter D\u00f6ner\u2019e tebrik ve te\u015fekk\u00fcrlerimle.<\/p>\n","protected":false},"excerpt":{"rendered":"<p>On Dokuz May\u0131s kurtulu\u015f g\u00fcn\u00fc, haydi haydi y\u00fcr\u00fc ileri Vard\u0131 Samsun\u2019a Mustafa Kemal, haydi haydi y\u00fcr\u00fc ileri Samsun\u2019dan Anadolu\u2019ya bir g\u00fcne\u015f do\u011fdu \u015eahland\u0131 ayakland\u0131 halk&#8230;<\/p>\n<div class=\"more-link-wrapper\"><a class=\"more-link\" href=\"https:\/\/mahiye.com\/index.php\/19-mayis-marsi-muammer-sun\/\">Devam\u0131n\u0131 Oku<span class=\"screen-reader-text\">19 May\u0131s Mar\u015f\u0131 Muammer SUN<\/span><\/a><\/div>\n","protected":false},"author":1,"featured_media":0,"parent":0,"menu_order":0,"comment_status":"closed","ping_status":"closed","template":"","meta":{"spay_email":""},"_links":{"self":[{"href":"https:\/\/mahiye.com\/index.php\/wp-json\/wp\/v2\/pages\/516"}],"collection":[{"href":"https:\/\/mahiye.com\/index.php\/wp-json\/wp\/v2\/pages"}],"about":[{"href":"https:\/\/mahiye.com\/index.php\/wp-json\/wp\/v2\/types\/page"}],"author":[{"embeddable":true,"href":"https:\/\/mahiye.com\/index.php\/wp-json\/wp\/v2\/users\/1"}],"replies":[{"embeddable":true,"href":"https:\/\/mahiye.com\/index.php\/wp-json\/wp\/v2\/comments?post=516"}],"version-history":[{"count":1,"href":"https:\/\/mahiye.com\/index.php\/wp-json\/wp\/v2\/pages\/516\/revisions"}],"predecessor-version":[{"id":517,"href":"https:\/\/mahiye.com\/index.php\/wp-json\/wp\/v2\/pages\/516\/revisions\/517"}],"wp:attachment":[{"href":"https:\/\/mahiye.com\/index.php\/wp-json\/wp\/v2\/media?parent=516"}],"curies":[{"name":"wp","href":"https:\/\/api.w.org\/{rel}","templated":true}]}}