{"id":641,"date":"2018-01-09T10:40:32","date_gmt":"2018-01-09T08:40:32","guid":{"rendered":"http:\/\/mahiye.com\/?page_id=641"},"modified":"2018-01-09T12:27:15","modified_gmt":"2018-01-09T10:27:15","slug":"antik-anadolu-deyince","status":"publish","type":"page","link":"https:\/\/mahiye.com\/index.php\/antik-anadolu-deyince\/","title":{"rendered":"Antik Anadolu Deyince"},"content":{"rendered":"<p><img loading=\"lazy\" class=\"wp-image-644 aligncenter\" src=\"http:\/\/mahiye.com\/wp-content\/uploads\/2018\/01\/asur-tarihi-eser-eski-900x425.jpg\" alt=\"\" width=\"548\" height=\"259\" srcset=\"https:\/\/mahiye.com\/wp-content\/uploads\/2018\/01\/asur-tarihi-eser-eski-900x425.jpg 900w, https:\/\/mahiye.com\/wp-content\/uploads\/2018\/01\/asur-tarihi-eser-eski-900x425-300x142.jpg 300w, https:\/\/mahiye.com\/wp-content\/uploads\/2018\/01\/asur-tarihi-eser-eski-900x425-768x363.jpg 768w\" sizes=\"(max-width: 548px) 100vw, 548px\" \/><\/p>\n<h2><strong><span style=\"color: #ff0000;\">1- Filistin Krali\u00e7esi Urfal\u0131 Zeynep Sultan<br \/>\n<\/span><\/strong><\/h2>\n<hr \/>\n<p><span style=\"color: #000000;\">&#8211;<a style=\"color: #000000;\" href=\"http:\/\/mahiye.com\/wp-content\/uploads\/2018\/01\/1-Filistinin-G\u00fcnah\u0131n\u0131-Alanlar.pdf\" target=\"_blank\" rel=\"noopener\">Filistin&#8217;in G\u00fcnah\u0131n\u0131 Alanlar<\/a><\/span><\/p>\n<p><span style=\"color: #000000;\">&#8211;<a style=\"color: #000000;\" href=\"http:\/\/mahiye.com\/wp-content\/uploads\/2018\/01\/2-Halepli-Bah\u00e7eden.pdf\" target=\"_blank\" rel=\"noopener\">Halepli Bah\u00e7eden<\/a><\/span><\/p>\n<p><span style=\"color: #000000;\">&#8211;<a style=\"color: #000000;\" href=\"http:\/\/mahiye.com\/wp-content\/uploads\/2018\/01\/3-Leyla-Zeynep-Sultan-belgesel-hz..pdf\" target=\"_blank\" rel=\"noopener\">Leyla Zeynep Sultan belgesel hz.<\/a><\/span><\/p>\n<p><span style=\"color: #000000;\">&#8211;<a style=\"color: #000000;\" href=\"http:\/\/mahiye.com\/wp-content\/uploads\/2018\/01\/4-Palmira-Krali\u00e7esi-Leyla-Zeynep.pdf\" target=\"_blank\" rel=\"noopener\">Palmira Krali\u00e7esi Leyla Zeynep<\/a><\/span><\/p>\n<p><span style=\"color: #000000;\">&#8211;<a style=\"color: #000000;\" href=\"http:\/\/mahiye.com\/wp-content\/uploads\/2018\/01\/5-REBEL-QUEEN-ZENOB\u0130A-\u00e7eviri.pdf\" target=\"_blank\" rel=\"noopener\">REBEL QUEEN ZENOB\u0130A (\u00e7eviri)<\/a><\/span><\/p>\n<p>&nbsp;<\/p>\n<h2><strong><span style=\"color: #ff0000;\">2-Antik Tarihimizden<br \/>\n<\/span><\/strong><\/h2>\n<hr \/>\n<p><span style=\"color: #000000;\">&#8211;<a style=\"color: #000000;\" href=\"http:\/\/mahiye.com\/wp-content\/uploads\/2018\/01\/Akmenid-Karusi-Devleti.pdf\" target=\"_blank\" rel=\"noopener\">Akmenid Karusi Devleti<\/a><\/span><\/p>\n<p><span style=\"color: #000000;\">&#8211;<a style=\"color: #000000;\" href=\"http:\/\/mahiye.com\/wp-content\/uploads\/2018\/01\/Antik-Geyiklerimiz-York\u015faarl\u0131-Bacika-ve-Torc-Hilal-31.12.2016.pdf\" target=\"_blank\" rel=\"noopener\">Antik Geyiklerimiz, York\u015faarl\u0131 Bacika ve Torc-Hilal<\/a><\/span><\/p>\n<p>&nbsp;<\/p>\n<h4><strong>Antik Karadenize Fonetik Yolculuk<br \/>\n<\/strong><\/h4>\n<p><span style=\"color: #000000;\">&#8211;<a style=\"color: #000000;\" href=\"http:\/\/mahiye.com\/wp-content\/uploads\/2018\/01\/Antik-Karadenize-Fonetik-Yolculuk-1-M.Morg\u00fcl.pdf\" target=\"_blank\" rel=\"noopener\">Antik Karadenize Fonetik Yolculuk 1 M.Morg\u00fcl<\/a><\/span><\/p>\n<p><span style=\"color: #000000;\">&#8211;<a style=\"color: #000000;\" href=\"http:\/\/mahiye.com\/wp-content\/uploads\/2018\/01\/Antik-Karadenize-Fonetik-Yolculuk-2-M.Morg\u00fcl.pdf\" target=\"_blank\" rel=\"noopener\">Antik Karadenize Fonetik Yolculuk 2 M.Morg\u00fcl<\/a><\/span><\/p>\n<p><span style=\"color: #000000;\">&#8211;<a style=\"color: #000000;\" href=\"http:\/\/mahiye.com\/wp-content\/uploads\/2018\/01\/Antik-Karadenize-Fonetik-Yolculuk-3-M.Morg\u00fcl.pdf\" target=\"_blank\" rel=\"noopener\">Antik Karadenize Fonetik Yolculuk 3 M.Morg\u00fcl<\/a><\/span><\/p>\n<p>&nbsp;<\/p>\n<p><span style=\"color: #000000;\">&#8211;<a style=\"color: #000000;\" href=\"http:\/\/mahiye.com\/wp-content\/uploads\/2018\/01\/Antik-Tarihte-Ulu-Analar\u0131m\u0131z.pdf\" target=\"_blank\" rel=\"noopener\">Antik Tarihte Ulu Analar\u0131m\u0131z<\/a><\/span><\/p>\n<p><span style=\"color: #000000;\">&#8211;<a style=\"color: #000000;\" href=\"http:\/\/mahiye.com\/wp-content\/uploads\/2018\/01\/\u0130ran\u0131-\u0130randa-\u00d6\u011frenmek.pdf\" target=\"_blank\" rel=\"noopener\">\u0130ran&#8217;\u0131 \u0130ran&#8217;da \u00d6\u011frenmek<\/a><\/span><\/p>\n<p><span style=\"color: #000000;\">&#8211;<a style=\"color: #000000;\" href=\"http:\/\/mahiye.com\/wp-content\/uploads\/2018\/01\/\u0130ran\u0131-sevmek-i\u00e7in-4141-neden.pdf\" target=\"_blank\" rel=\"noopener\">\u0130ran&#8217;\u0131 sevmek i\u00e7in 41+41 neden<\/a><\/span><\/p>\n<p><span style=\"color: #000000;\">&#8211;<a style=\"color: #000000;\" href=\"http:\/\/mahiye.com\/wp-content\/uploads\/2018\/01\/M\u00d6.109da-Nemrutta-O\u011fuzlar-.pdf\" target=\"_blank\" rel=\"noopener\">M\u00d6.109&#8217;da Nemrut&#8217;ta O\u011fuzlar<\/a><\/span><\/p>\n<p><span style=\"color: #000000;\">&#8211;<a style=\"color: #000000;\" href=\"http:\/\/mahiye.com\/wp-content\/uploads\/2018\/01\/O\u011fuz-Atal\u0131-Kart.pdf\" target=\"_blank\" rel=\"noopener\">O\u011fuz Atal\u0131 Kart<\/a><\/span><\/p>\n<p><span style=\"color: #000000;\">&#8211;<a style=\"color: #000000;\" href=\"http:\/\/mahiye.com\/wp-content\/uploads\/2018\/01\/Sar\u0131-K\u0131rm\u0131z\u0131-Ye\u015fil-T\u00fcrk-Bayraklar\u0131.pdfv\" target=\"_blank\" rel=\"noopener\">Sar\u0131, K\u0131rm\u0131z\u0131, Ye\u015fil T\u00fcrk Bayraklar\u0131<\/a><\/span><\/p>\n<p><span style=\"color: #000000;\">&#8211;<a style=\"color: #000000;\" href=\"http:\/\/mahiye.com\/wp-content\/uploads\/2018\/01\/SEMBOLLERLE-TAR\u0130H\u0130M\u0130Z.pdf\" target=\"_blank\" rel=\"noopener\">Sembollerle Tarihimiz<\/a><\/span><\/p>\n<p><span style=\"color: #000000;\">&#8211;<a style=\"color: #000000;\" href=\"http:\/\/mahiye.com\/wp-content\/uploads\/2018\/01\/VI.Mitridate-Mete-O\u011fuz-TV-Prog.-i\u00e7in-resimler.pdf\" target=\"_blank\" rel=\"noopener\">VI.Mitridate Mete O\u011fuz TV Prog. i\u00e7in resimler<\/a><\/span><\/p>\n<p>&nbsp;<\/p>\n<h2><span style=\"color: #ff0000;\">3- Yak\u0131n Tarihimizden<br \/>\n<\/span><\/h2>\n<hr \/>\n<p><span style=\"color: #000000;\">&#8211;<a style=\"color: #000000;\" href=\"http:\/\/mahiye.com\/wp-content\/uploads\/2018\/01\/1924de-Atat\u00fcrk-ile-birlikte-Rizeye-gelenler.pdf\" target=\"_blank\" rel=\"noopener\">1924&#8217;de Atat\u00fcrk ile birlikte Rize&#8217;ye gelenler<\/a><\/span><\/p>\n<p><span style=\"color: #000000;\">&#8211;<a style=\"color: #000000;\" href=\"http:\/\/mahiye.com\/wp-content\/uploads\/2018\/01\/Atat\u00fcrk\u00fcn-Amcatorunu-Hasan-\u00d6zalp.pdf\" target=\"_blank\" rel=\"noopener\">Atat\u00fcrk&#8217;\u00fcn Amcatorunu Hasan \u00d6zalp<\/a><\/span><\/p>\n<p><span style=\"color: #000000;\">&#8211;<a style=\"color: #000000;\" href=\"http:\/\/mahiye.com\/wp-content\/uploads\/2018\/01\/Atat\u00fcrk\u00fcn-Filistini.pdf\" target=\"_blank\" rel=\"noopener\">Atat\u00fcrk&#8217;\u00fcn Filistin&#8217;i<\/a><\/span><\/p>\n<p><span style=\"color: #000000;\">&#8211;<a style=\"color: #000000;\" href=\"http:\/\/mahiye.com\/wp-content\/uploads\/2018\/01\/Bitliste-Bazileus-izleri-ve-Cami-tadilatlar\u0131.pdf\" target=\"_blank\" rel=\"noopener\">Bitlis&#8217;te Bazileus \u0130zleri ve Cami Tadilatlar\u0131<\/a><\/span><\/p>\n<p><span style=\"color: #000000;\">&#8211;<a style=\"color: #000000;\" href=\"http:\/\/mahiye.com\/wp-content\/uploads\/2018\/01\/Buzul-\u00c7a\u011f\u0131nda-Sibirya\u2019n\u0131n-Ortas\u0131nda-Hayat-9.6.2017.pdf\" target=\"_blank\" rel=\"noopener\">Buzul \u00c7a\u011f\u0131nda Sibirya\u2019n\u0131n Ortas\u0131nda Hayat <\/a><\/span><\/p>\n<p><span style=\"color: #000000;\">&#8211;<a style=\"color: #000000;\" href=\"http:\/\/mahiye.com\/wp-content\/uploads\/2018\/01\/\u00c7ay\u0131n-Tarih-Dizini.pdf\" target=\"_blank\" rel=\"noopener\">\u00c7ay\u0131n Tarih Dizini<\/a><\/span><\/p>\n<p><span style=\"color: #000000;\">&#8211;<a style=\"color: #000000;\" href=\"http:\/\/mahiye.com\/wp-content\/uploads\/2018\/01\/\u00c7ifti-bozmak-deyimi-ka\u00e7-bin-y\u0131ll\u0131k.pdf\" target=\"_blank\" rel=\"noopener\">\u00c7ifti Bozmak Deyimi Ka\u00e7 Bin Y\u0131ll\u0131k<\/a><\/span><\/p>\n<p><span style=\"color: #000000;\">&#8211;<a style=\"color: #000000;\" href=\"http:\/\/mahiye.com\/wp-content\/uploads\/2018\/01\/Hac\u0131bekta\u015f-Sembolleri.pdf\" target=\"_blank\" rel=\"noopener\">Hac\u0131bekta\u015f Sembolleri<\/a><\/span><\/p>\n<p><span style=\"color: #000000;\">&#8211;<a style=\"color: #000000;\" href=\"http:\/\/mahiye.com\/wp-content\/uploads\/2018\/01\/HESlerle-Gelen-Kader.pdf\" target=\"_blank\" rel=\"noopener\">HES&#8217;le Gelen Kadar<\/a><\/span><\/p>\n<p><span style=\"color: #000000;\">&#8211;<a style=\"color: #000000;\" href=\"http:\/\/mahiye.com\/wp-content\/uploads\/2018\/01\/\u0130psiz-Recep-derken-akl\u0131m\u0131za-ilk-gelen.pdf\" target=\"_blank\" rel=\"noopener\">\u0130psiz Recep Derken Akl\u0131m\u0131za \u0130lk Gelen<\/a><\/span><\/p>\n<p><span style=\"color: #000000;\">&#8211;<a style=\"color: #000000;\" href=\"http:\/\/mahiye.com\/wp-content\/uploads\/2018\/01\/\u0130psiz-Recep-ve-Top\u00e7u-Asaf-Mercan-Kars\u2019ta.pdf\" target=\"_blank\" rel=\"noopener\">\u0130psiz Recep ve Top\u00e7u Asaf Mercan Kars\u2019ta<\/a><\/span><\/p>\n<p><span style=\"color: #000000;\">&#8211;<a style=\"color: #000000;\" href=\"http:\/\/mahiye.com\/wp-content\/uploads\/2018\/01\/Kara-Kuvvetlerimiz-2125-Jandarmam\u0131z-177-ya\u015f\u0131nda.pdf\" target=\"_blank\" rel=\"noopener\">Kara Kuvvetlerimiz 2125, Jandarmam\u0131z 177 Ya\u015f\u0131nda<\/a><\/span><\/p>\n<p><span style=\"color: #000000;\">&#8211;<a style=\"color: #000000;\" href=\"http:\/\/mahiye.com\/wp-content\/uploads\/2018\/01\/Koratac\u0131-Medresesi-\u0130.G\u00fcvelio\u011flu.pdf\" target=\"_blank\" rel=\"noopener\">Koratac\u0131 Medresesi, \u0130.G\u00fcvelio\u011flu<\/a><\/span><\/p>\n<p><span style=\"color: #000000;\">&#8211;<a style=\"color: #000000;\" href=\"http:\/\/mahiye.com\/wp-content\/uploads\/2018\/01\/Milli-M\u00fccadelenin-Gazi-Tulumlar\u0131.pdf\" target=\"_blank\" rel=\"noopener\">Milli M\u00fccadelenin Gazi Tulumlar\u0131!<\/a><\/span><\/p>\n<p><span style=\"color: #000000;\">&#8211;<a style=\"color: #000000;\" href=\"http:\/\/mahiye.com\/wp-content\/uploads\/2018\/01\/Referandum-yasas\u0131-hukuksuzdur-.pdf\" target=\"_blank\" rel=\"noopener\">Referandum Yasas\u0131 Hukuksuzdur <\/a><\/span><\/p>\n<p><span style=\"color: #000000;\">&#8211;<a style=\"color: #000000;\" href=\"http:\/\/mahiye.com\/wp-content\/uploads\/2018\/01\/16-Lazl\u0131k-Nedir-Bilmeyen.pdf\" target=\"_blank\" rel=\"noopener\">Lazl\u0131k Nedir Bilmeyen<\/a><\/span><\/p>\n<p><span style=\"color: #000000;\">&#8211;<a style=\"color: #000000;\" href=\"http:\/\/mahiye.com\/wp-content\/uploads\/2018\/01\/17-Rize-Kuvayi-Milliye-Mezarl\u0131\u011f\u0131.pdf\" target=\"_blank\" rel=\"noopener\">Rize Kuvayi Milliye Mezarl\u0131\u011f\u0131<\/a><\/span><\/p>\n<p><span style=\"color: #000000;\">&#8211;<a style=\"color: #000000;\" href=\"http:\/\/mahiye.com\/wp-content\/uploads\/2018\/01\/Ter\u00f6rist-ile-Zerd\u00fc\u015ftileri-bir-tutarsak-\u0130ran\u2019\u0131-k\u00fcst\u00fcr\u00fcr\u00fcz.pdf\" target=\"_blank\" rel=\"noopener\">Ter\u00f6rist ile Zerd\u00fc\u015ftileri bir tutarsak \u0130ran\u2019\u0131 k\u00fcst\u00fcr\u00fcr\u00fcz<\/a><\/span><\/p>\n<p><span style=\"color: #000000;\">&#8211;<a style=\"color: #000000;\" href=\"http:\/\/mahiye.com\/wp-content\/uploads\/2018\/01\/The-regulation-of-education-through-the-WTO-BELGE.pdf\" target=\"_blank\" rel=\"noopener\">The regulation of education through the WTO BELGE<\/a><\/span><\/p>\n<p><span style=\"color: #000000;\">&#8211;<a style=\"color: #000000;\" href=\"http:\/\/mahiye.com\/wp-content\/uploads\/2018\/01\/Ulus-Antik-Bilimevi.pdf\" target=\"_blank\" rel=\"noopener\">Ulus Antik Bilimevi<\/a><\/span><\/p>\n<p><span style=\"color: #000000;\">&#8211;<a style=\"color: #000000;\" href=\"http:\/\/mahiye.com\/wp-content\/uploads\/2018\/01\/Ulusta-tarihi-adlar-nas\u0131l-silindi.pdf\" target=\"_blank\" rel=\"noopener\">Ulus&#8217;ta tarihi adlar nas\u0131l silindi<\/a><\/span><\/p>\n<p><span style=\"color: #000000;\">&#8211;<a style=\"color: #000000;\" href=\"http:\/\/mahiye.com\/wp-content\/uploads\/2018\/01\/Ankara-tarihini-K\u0131z\u0131lay-sokaklar\u0131ndan-\u00f6\u011frenmek-2013.pdf\" target=\"_blank\" rel=\"noopener\">Ankara Tarihini K\u0131z\u0131lay Sokaklar\u0131ndan \u00d6\u011frenmek (2013)<\/a><\/span><\/p>\n<p>&nbsp;<\/p>\n","protected":false},"excerpt":{"rendered":"<p>1- Filistin Krali\u00e7esi Urfal\u0131 Zeynep Sultan &#8211;Filistin&#8217;in G\u00fcnah\u0131n\u0131 Alanlar &#8211;Halepli Bah\u00e7eden &#8211;Leyla Zeynep Sultan belgesel hz. &#8211;Palmira Krali\u00e7esi Leyla Zeynep &#8211;REBEL QUEEN ZENOB\u0130A (\u00e7eviri) &nbsp;&#8230;<\/p>\n<div class=\"more-link-wrapper\"><a class=\"more-link\" href=\"https:\/\/mahiye.com\/index.php\/antik-anadolu-deyince\/\">Devam\u0131n\u0131 Oku<span class=\"screen-reader-text\">Antik Anadolu Deyince<\/span><\/a><\/div>\n","protected":false},"author":1,"featured_media":0,"parent":0,"menu_order":0,"comment_status":"closed","ping_status":"closed","template":"","meta":{"spay_email":""},"_links":{"self":[{"href":"https:\/\/mahiye.com\/index.php\/wp-json\/wp\/v2\/pages\/641"}],"collection":[{"href":"https:\/\/mahiye.com\/index.php\/wp-json\/wp\/v2\/pages"}],"about":[{"href":"https:\/\/mahiye.com\/index.php\/wp-json\/wp\/v2\/types\/page"}],"author":[{"embeddable":true,"href":"https:\/\/mahiye.com\/index.php\/wp-json\/wp\/v2\/users\/1"}],"replies":[{"embeddable":true,"href":"https:\/\/mahiye.com\/index.php\/wp-json\/wp\/v2\/comments?post=641"}],"version-history":[{"count":5,"href":"https:\/\/mahiye.com\/index.php\/wp-json\/wp\/v2\/pages\/641\/revisions"}],"predecessor-version":[{"id":688,"href":"https:\/\/mahiye.com\/index.php\/wp-json\/wp\/v2\/pages\/641\/revisions\/688"}],"wp:attachment":[{"href":"https:\/\/mahiye.com\/index.php\/wp-json\/wp\/v2\/media?parent=641"}],"curies":[{"name":"wp","href":"https:\/\/api.w.org\/{rel}","templated":true}]}}