{"id":9,"date":"2017-12-22T08:32:45","date_gmt":"2017-12-22T06:32:45","guid":{"rendered":"http:\/\/mahiye.com\/?page_id=9"},"modified":"2017-12-22T09:31:52","modified_gmt":"2017-12-22T07:31:52","slug":"bize-ulasin","status":"publish","type":"page","link":"https:\/\/mahiye.com\/index.php\/bize-ulasin\/","title":{"rendered":"Oyun \u015eark\u0131lar\u0131"},"content":{"rendered":"<p>Sevgili \u00e7ocuklar,<\/p>\n<p>\u015eark\u0131 s\u00f6ylemeyi ve oynamay\u0131 \u00e7ok sevdi\u011finizi biliyorum. Bu kitab\u0131mda size oynarken \u015fark\u0131 s\u00f6yletmeyi ama\u00e7lad\u0131m. Hem de kendi yarataca\u011f\u0131n\u0131z yeni oyunlarla fark\u0131na varmadan m\u00fczik \u00e7al\u0131\u015fm\u0131\u015f olacaks\u0131n\u0131z. Yarat\u0131c\u0131l\u0131\u011f\u0131n\u0131z\u0131 geli\u015ftirecek olan bu oyunlarla hem d\u00fcnyan\u0131z g\u00fczelle\u015fecek, hem ba\u015fka alanlarda da yarat\u0131c\u0131 olmaya ba\u015flayacaks\u0131n\u0131z.<br \/>\nB\u00f6yle oyun i\u00e7erisinde \u00f6\u011frendi\u011finiz \u015fark\u0131lar\u0131 ve bilgileri hi\u00e7 unutmayacaks\u0131n\u0131z. Buna, &#8220;Oyun i\u00e7inde \u00f6\u011frenme&#8221; ya da &#8220;Oynayarak ya\u015fayarak \u00f6\u011frenme&#8221; de diyorlar. Ger\u00e7ekte Kodaly, Orff ve Drama tekniklerinden yararland\u0131m ve oyunlar\u0131m\u0131z\u0131 \u00e7ocuklarla birlikte yaratt\u0131m.<br \/>\nUzun y\u0131llar okul\u00f6ncesi ve ilk\u00f6\u011fretim \u00e7a\u011f\u0131 \u00e7ocuklarla \u00e7al\u0131\u015ft\u0131m. Onlara \u015fark\u0131 \u00f6\u011fretirken onlar bana oyun \u00f6\u011fretiyordu. B\u00f6ylece elinizdeki kitab\u0131 bir anlamda \u00e7ocuklarla birlikte haz\u0131rlam\u0131\u015f oldum.<br \/>\nElinizdeki kitapla m\u00fcziksel geli\u015fmenize katk\u0131da bulunacak \u00f6nemli bir \u015fark\u0131 da\u011farc\u0131\u011f\u0131na sahip olacaks\u0131n\u0131z. \u00d6\u011frendi\u011finiz \u015fark\u0131lara yaratt\u0131\u011f\u0131n\u0131z yeni oyunlarla bir g\u00fcn kendi kitab\u0131n\u0131z\u0131 yaz\u0131n isterim. Benim torunlar\u0131m da sizin kitaplar\u0131n\u0131zla b\u00fcy\u00fcs\u00fcn dilerim.<br \/>\nKitab\u0131n sol sayfalar\u0131 \u00f6\u011fretmeninizin, sa\u011f sayfalar\u0131 sizindir.. Ancak, l\u00fctfen \u00f6\u011fretmeniniz size nas\u0131l kullanaca\u011f\u0131n\u0131z\u0131 a\u00e7\u0131klamadan hi\u00e7bir resim yapmay\u0131n ve boyamay\u0131n. Zaten \u00f6\u011fretmeniniz de sizinle oynayacak ve oynarken gereken boyama ve \u00e7izimleri birlikte yapacaks\u0131n\u0131z.<br \/>\nHaydi iyi e\u011flenceler.<\/p>\n<p style=\"text-align: right;\">Mahiye MORG\u00dcL<\/p>\n<p>&nbsp;<\/p>\n<p><center><strong>Kitaptan bir \u00e7al\u0131\u015fma:<\/strong><\/center><\/p>\n<p>\u015eark\u0131: Ambara Vurdum Bir Tekme<\/p>\n<p>Ambara vurdum bir tekme bir tekme<br \/>\nAmbar\u0131n kap\u0131s\u0131 a\u00e7\u0131ld\u0131 a\u00e7\u0131ld\u0131<br \/>\n\u0130nci de boncuk sa\u00e7\u0131ld\u0131 sa\u00e7\u0131ld\u0131<br \/>\nLimonu da b\u00f6yle keserler keserler<br \/>\nSuyunu da b\u00f6yle s\u00fczerler s\u00fczerler<br \/>\n\u00c7ama\u015f\u0131r\u0131 b\u00f6yle y\u0131karlar y\u0131karlar<br \/>\n\u00c7ama\u015f\u0131r\u0131 da b\u00f6yle s\u0131karlar s\u0131karlar<br \/>\n\u00c7ama\u015f\u0131r\u0131 b\u00f6yle asarlar asarlar<br \/>\n\u00dct\u00fcy\u00fc de b\u00f6yle yaparlar yaparlar<br \/>\n\u2026&#8230;<br \/>\n\u00d6nerilen Oyun: \u00c7ocuklar dairede ayakta dururlar. Oyuna ele tutarak ba\u015flan\u0131r.<br \/>\n&#8220;Ambara vurdum\u2026&#8221; derken sa\u011f ayakla bir tekme savrulur.<br \/>\n&#8220;Ambar\u0131n kap\u0131s\u0131\u2026.&#8221; derken eller b\u0131rak\u0131l\u0131r, iki yana a\u00e7ma hareketi yap\u0131l\u0131r.<br \/>\n&#8220;\u0130nci de boncuk\u2026 &#8221; derken, boynundan inciler d\u00f6k\u00fclm\u00fc\u015f taklidi yap\u0131l\u0131r.<br \/>\n&#8220;Limonu da b\u00f6yle\u2026 &#8221; derken, avu\u00e7 i\u00e7erisinde kesme hareketi yap\u0131l\u0131r, vb.<\/p>\n<p>Yaratma: S\u0131rayla her \u00e7ocuk \u015fark\u0131ya bir s\u00f6z ekler ve bunun hareketini de yapar. Di\u011fer \u00e7ocuklar onun yapt\u0131\u011f\u0131n\u0131 tekrar eder.<br \/>\n\u00d6rne\u011fin;<br \/>\n&#8220;Sa\u00e7\u0131n\u0131 da b\u00f6yle tararlar tararlar&#8221;<br \/>\n&#8220;Keman\u0131 da b\u00f6yle \u00e7alarlar \u00e7alarlar&#8221;, vb.<\/p>\n","protected":false},"excerpt":{"rendered":"<p>Sevgili \u00e7ocuklar, \u015eark\u0131 s\u00f6ylemeyi ve oynamay\u0131 \u00e7ok sevdi\u011finizi biliyorum. Bu kitab\u0131mda size oynarken \u015fark\u0131 s\u00f6yletmeyi ama\u00e7lad\u0131m. Hem de kendi yarataca\u011f\u0131n\u0131z yeni oyunlarla fark\u0131na varmadan m\u00fczik&#8230;<\/p>\n<div class=\"more-link-wrapper\"><a class=\"more-link\" href=\"https:\/\/mahiye.com\/index.php\/bize-ulasin\/\">Devam\u0131n\u0131 Oku<span class=\"screen-reader-text\">Oyun \u015eark\u0131lar\u0131<\/span><\/a><\/div>\n","protected":false},"author":1,"featured_media":61,"parent":0,"menu_order":0,"comment_status":"closed","ping_status":"closed","template":"","meta":{"spay_email":""},"_links":{"self":[{"href":"https:\/\/mahiye.com\/index.php\/wp-json\/wp\/v2\/pages\/9"}],"collection":[{"href":"https:\/\/mahiye.com\/index.php\/wp-json\/wp\/v2\/pages"}],"about":[{"href":"https:\/\/mahiye.com\/index.php\/wp-json\/wp\/v2\/types\/page"}],"author":[{"embeddable":true,"href":"https:\/\/mahiye.com\/index.php\/wp-json\/wp\/v2\/users\/1"}],"replies":[{"embeddable":true,"href":"https:\/\/mahiye.com\/index.php\/wp-json\/wp\/v2\/comments?post=9"}],"version-history":[{"count":3,"href":"https:\/\/mahiye.com\/index.php\/wp-json\/wp\/v2\/pages\/9\/revisions"}],"predecessor-version":[{"id":62,"href":"https:\/\/mahiye.com\/index.php\/wp-json\/wp\/v2\/pages\/9\/revisions\/62"}],"wp:featuredmedia":[{"embeddable":true,"href":"https:\/\/mahiye.com\/index.php\/wp-json\/wp\/v2\/media\/61"}],"wp:attachment":[{"href":"https:\/\/mahiye.com\/index.php\/wp-json\/wp\/v2\/media?parent=9"}],"curies":[{"name":"wp","href":"https:\/\/api.w.org\/{rel}","templated":true}]}}